{"id":45,"date":"2025-02-24T21:52:56","date_gmt":"2025-02-24T21:52:56","guid":{"rendered":"https:\/\/lidovazahrada.profiiqus.com\/?page_id=45"},"modified":"2026-04-20T23:44:15","modified_gmt":"2026-04-20T23:44:15","slug":"elementor-45","status":"publish","type":"page","link":"https:\/\/lidovka.tokrproduction.com\/","title":{"rendered":"Elementor #45"},"content":{"rendered":"\t\t<div data-elementor-type=\"wp-page\" data-elementor-id=\"45\" class=\"elementor elementor-45\">\n\t\t\t\t<div class=\"elementor-element elementor-element-d5b709e e-flex e-con-boxed e-con e-parent\" data-id=\"d5b709e\" data-element_type=\"container\" data-settings=\"{&quot;background_background&quot;:&quot;classic&quot;}\">\n\t\t\t\t\t<div class=\"e-con-inner\">\n\t\t\t\t<div class=\"elementor-element elementor-element-daba4cb elementor-widget elementor-widget-spacer\" data-id=\"daba4cb\" data-element_type=\"widget\" data-widget_type=\"spacer.default\">\n\t\t\t\t<div class=\"elementor-widget-container\">\n\t\t\t\t\t\t\t<div class=\"elementor-spacer\">\n\t\t\t<div class=\"elementor-spacer-inner\"><\/div>\n\t\t<\/div>\n\t\t\t\t\t\t<\/div>\n\t\t\t\t<\/div>\n\t\t\t\t<div class=\"elementor-element elementor-element-dd669ed elementor-widget elementor-widget-heading\" data-id=\"dd669ed\" data-element_type=\"widget\" data-widget_type=\"heading.default\">\n\t\t\t\t<div class=\"elementor-widget-container\">\n\t\t\t\t\t<h2 class=\"elementor-heading-title elementor-size-default\">T\u011b\u0161\u00edme se na V\u00e1s v na\u0161\u00ed restauraci nebo na akci v na\u0161em kulturn\u00edm s\u00e1le!<\/h2>\t\t\t\t<\/div>\n\t\t\t\t<\/div>\n\t\t\t\t<div class=\"elementor-element elementor-element-9b36739 elementor-widget elementor-widget-spacer\" data-id=\"9b36739\" data-element_type=\"widget\" data-widget_type=\"spacer.default\">\n\t\t\t\t<div class=\"elementor-widget-container\">\n\t\t\t\t\t\t\t<div class=\"elementor-spacer\">\n\t\t\t<div class=\"elementor-spacer-inner\"><\/div>\n\t\t<\/div>\n\t\t\t\t\t\t<\/div>\n\t\t\t\t<\/div>\n\t\t\t\t\t<\/div>\n\t\t\t\t<\/div>\n\t\t<div class=\"elementor-element elementor-element-5ad9fa1 e-flex e-con-boxed e-con e-parent\" data-id=\"5ad9fa1\" data-element_type=\"container\">\n\t\t\t\t\t<div class=\"e-con-inner\">\n\t\t\t\t<div class=\"elementor-element elementor-element-3d83928 elementor-widget elementor-widget-heading\" data-id=\"3d83928\" data-element_type=\"widget\" data-widget_type=\"heading.default\">\n\t\t\t\t<div class=\"elementor-widget-container\">\n\t\t\t\t\t<h2 class=\"elementor-heading-title elementor-size-default\">D\u011bl\u00e1me v\u0161e pro va\u0161i spokojenost!<\/h2>\t\t\t\t<\/div>\n\t\t\t\t<\/div>\n\t\t\t\t<div class=\"elementor-element elementor-element-dbbfb03 elementor-widget elementor-widget-text-editor\" data-id=\"dbbfb03\" data-element_type=\"widget\" data-widget_type=\"text-editor.default\">\n\t\t\t\t<div class=\"elementor-widget-container\">\n\t\t\t\t\t\t\t\t\t<p>Na Lidov\u00e1 zahrada provozujeme nejen multifunk\u010dn\u00ed s\u00e1l, ale i skv\u011bl\u00fd BAR! Chceme v\u00e1m nab\u00eddnout jedine\u010dn\u00e9 prostory pro va\u0161e akce a postarat se o to, abyste si u n\u00e1s u\u017eili skv\u011bl\u00fd servis i atmosf\u00e9ru. P\u0159ij\u010fte se p\u0159esv\u011bd\u010dit sami!<\/p>\t\t\t\t\t\t\t\t<\/div>\n\t\t\t\t<\/div>\n\t\t\t\t\t<\/div>\n\t\t\t\t<\/div>\n\t\t<div class=\"elementor-element elementor-element-54be849 e-flex e-con-boxed e-con e-parent\" data-id=\"54be849\" data-element_type=\"container\" data-settings=\"{&quot;background_background&quot;:&quot;classic&quot;}\">\n\t\t\t\t\t<div class=\"e-con-inner\">\n\t\t<div class=\"elementor-element elementor-element-1772219 e-con-full e-flex e-con e-child\" data-id=\"1772219\" data-element_type=\"container\" data-settings=\"{&quot;background_background&quot;:&quot;classic&quot;}\">\n\t\t\t\t<div class=\"elementor-element elementor-element-29dfcd9 elementor-widget elementor-widget-text-editor\" data-id=\"29dfcd9\" data-element_type=\"widget\" data-widget_type=\"text-editor.default\">\n\t\t\t\t<div class=\"elementor-widget-container\">\n\t\t\t\t\t\t\t\t\t<h2><strong>Restaurace Lidov\u00e1 zahrada<\/strong><\/h2><p>Karlova 702<br \/>Varnsdorf<\/p><p>Pond\u011bl\u00ed: <strong>zav\u0159eno<br \/><\/strong>\u00dater\u00fd &#8211; Ned\u011ble: <strong>11:00 &#8211; 20:00<\/strong><\/p><p>Rezervace a objedn\u00e1vky na tel. <a href=\"#725763353\"><strong>+420 725 763 353<\/strong><\/a><\/p><p><em>*Otev\u00edrac\u00ed doba se m\u016f\u017ee li\u0161it dle po\u010dtu hostu v restauraci po 20:00<\/em><\/p>\t\t\t\t\t\t\t\t<\/div>\n\t\t\t\t<\/div>\n\t\t\t\t<div class=\"elementor-element elementor-element-b8cbe6e elementor-widget elementor-widget-button\" data-id=\"b8cbe6e\" data-element_type=\"widget\" data-widget_type=\"button.default\">\n\t\t\t\t<div class=\"elementor-widget-container\">\n\t\t\t\t\t\t\t\t\t<div class=\"elementor-button-wrapper\">\n\t\t\t\t\t<a class=\"elementor-button elementor-button-link elementor-size-sm\" href=\"#\">\n\t\t\t\t\t\t<span class=\"elementor-button-content-wrapper\">\n\t\t\t\t\t\t\t\t\t<span class=\"elementor-button-text\">MENU<\/span>\n\t\t\t\t\t<\/span>\n\t\t\t\t\t<\/a>\n\t\t\t\t<\/div>\n\t\t\t\t\t\t\t\t<\/div>\n\t\t\t\t<\/div>\n\t\t\t\t<\/div>\n\t\t<div class=\"elementor-element elementor-element-9b14bfd e-con-full e-flex e-con e-child\" data-id=\"9b14bfd\" data-element_type=\"container\">\n\t\t\t\t<\/div>\n\t\t\t\t\t<\/div>\n\t\t\t\t<\/div>\n\t\t<div class=\"elementor-element elementor-element-ca74e12 e-flex e-con-boxed e-con e-parent\" data-id=\"ca74e12\" data-element_type=\"container\">\n\t\t\t\t\t<div class=\"e-con-inner\">\n\t\t\t\t<div class=\"elementor-element elementor-element-6ad766a elementor-widget__width-initial elementor-widget elementor-widget-image\" data-id=\"6ad766a\" data-element_type=\"widget\" data-widget_type=\"image.default\">\n\t\t\t\t<div class=\"elementor-widget-container\">\n\t\t\t\t\t\t\t\t\t\t\t\t\t\t\t<img fetchpriority=\"high\" decoding=\"async\" width=\"1024\" height=\"683\" src=\"https:\/\/lidovka.tokrproduction.com\/wp-content\/uploads\/2025\/02\/IMG_0045-1024x683.jpg\" class=\"attachment-large size-large wp-image-96\" alt=\"\" srcset=\"https:\/\/lidovka.tokrproduction.com\/wp-content\/uploads\/2025\/02\/IMG_0045-1024x683.jpg 1024w, https:\/\/lidovka.tokrproduction.com\/wp-content\/uploads\/2025\/02\/IMG_0045-300x200.jpg 300w, https:\/\/lidovka.tokrproduction.com\/wp-content\/uploads\/2025\/02\/IMG_0045-768x512.jpg 768w, https:\/\/lidovka.tokrproduction.com\/wp-content\/uploads\/2025\/02\/IMG_0045.jpg 1360w\" sizes=\"(max-width: 1024px) 100vw, 1024px\" \/>\t\t\t\t\t\t\t\t\t\t\t\t\t\t\t<\/div>\n\t\t\t\t<\/div>\n\t\t\t\t<div class=\"elementor-element elementor-element-8ef72ac elementor-widget elementor-widget-text-editor\" data-id=\"8ef72ac\" data-element_type=\"widget\" data-widget_type=\"text-editor.default\">\n\t\t\t\t<div class=\"elementor-widget-container\">\n\t\t\t\t\t\t\t\t\t<p data-start=\"0\" data-end=\"61\"><strong data-start=\"0\" data-end=\"59\">Pron\u00e1jem prostor a skv\u011bl\u00e1 gastronomie na Lidov\u00e9 zahrad\u011b<\/strong><\/p>\n<p data-start=\"63\" data-end=\"298\">Hled\u00e1te ide\u00e1ln\u00ed m\u00edsto pro rodinnou oslavu, firemn\u00ed ve\u010d\u00edrek, mal\u00fd koncert nebo vernis\u00e1\u017e? Na\u0161e restaurace nab\u00edz\u00ed \u00fatuln\u00e9 prostory k pron\u00e1jmu, kde se postar\u00e1me o v\u0161e dle va\u0161ich p\u0159edstav. Sta\u010d\u00ed n\u00e1s kontaktovat a domluv\u00edme se na detailech.<\/p>\n<p data-start=\"300\" data-end=\"572\"><strong data-start=\"302\" data-end=\"342\">Nov\u011b otev\u0159en\u00fd BAR na Lidov\u00e9 zahrad\u011b!<\/strong>&nbsp;<br data-start=\"344\" data-end=\"347\">P\u0159ij\u010fte si vychutnat \u0161\u0165avnat\u00e9 burgery, k\u0159upav\u00e9 stripsy, lahodn\u00e9 milkshaky a \u0161irok\u00fd v\u00fdb\u011br n\u00e1poj\u016f \u2013 od kvalitn\u00edho v\u00edna a piv z lok\u00e1ln\u00edch pivovar\u016f a\u017e po zn\u00e1m\u00e9 i m\u00e9n\u011b zn\u00e1m\u00e9 druhy alkoholu. Milovn\u00edky k\u00e1vy pot\u011b\u0161\u00edme skv\u011blou k\u00e1vou.<\/p>\n<p data-start=\"574\" data-end=\"608\" data-is-last-node=\"\" data-is-only-node=\"\">T\u011b\u0161\u00edme se na va\u0161i n\u00e1v\u0161t\u011bvu!&nbsp;<\/p>\t\t\t\t\t\t\t\t<\/div>\n\t\t\t\t<\/div>\n\t\t\t\t\t<\/div>\n\t\t\t\t<\/div>\n\t\t<div class=\"elementor-element elementor-element-a6d0768 e-flex e-con-boxed e-con e-parent\" data-id=\"a6d0768\" data-element_type=\"container\" data-settings=\"{&quot;background_background&quot;:&quot;classic&quot;}\">\n\t\t\t\t\t<div class=\"e-con-inner\">\n\t\t\t\t<div class=\"elementor-element elementor-element-c0256b7 elementor-align-center elementor-widget elementor-widget-button\" data-id=\"c0256b7\" data-element_type=\"widget\" data-widget_type=\"button.default\">\n\t\t\t\t<div class=\"elementor-widget-container\">\n\t\t\t\t\t\t\t\t\t<div class=\"elementor-button-wrapper\">\n\t\t\t\t\t<a class=\"elementor-button elementor-button-link elementor-size-sm\" href=\"#\">\n\t\t\t\t\t\t<span class=\"elementor-button-content-wrapper\">\n\t\t\t\t\t\t\t\t\t<span class=\"elementor-button-text\">REZERVOVAT TERM\u00cdN<\/span>\n\t\t\t\t\t<\/span>\n\t\t\t\t\t<\/a>\n\t\t\t\t<\/div>\n\t\t\t\t\t\t\t\t<\/div>\n\t\t\t\t<\/div>\n\t\t\t\t\t<\/div>\n\t\t\t\t<\/div>\n\t\t<div class=\"elementor-element elementor-element-a5d6e33 e-flex e-con-boxed e-con e-parent\" data-id=\"a5d6e33\" data-element_type=\"container\" data-settings=\"{&quot;background_background&quot;:&quot;classic&quot;}\">\n\t\t\t\t\t<div class=\"e-con-inner\">\n\t\t<div class=\"elementor-element elementor-element-4c48316 e-con-full e-flex e-con e-child\" data-id=\"4c48316\" data-element_type=\"container\" data-settings=\"{&quot;background_background&quot;:&quot;classic&quot;}\">\n\t\t\t\t<div class=\"elementor-element elementor-element-66d4526 elementor-widget elementor-widget-text-editor\" data-id=\"66d4526\" data-element_type=\"widget\" data-widget_type=\"text-editor.default\">\n\t\t\t\t<div class=\"elementor-widget-container\">\n\t\t\t\t\t\t\t\t\t<div class=\"text\"><p>Ide\u00e1ln\u00ed m\u00edsto pro po\u0159\u00e1d\u00e1n\u00ed ples\u016f, koncert\u016f a jin\u00fdch kulturn\u00edch akc\u00ed. Prostor je mo\u017en\u00e9 p\u0159izp\u016fsobit typu a velikosti akce variabiln\u00edm uspo\u0159\u00e1d\u00e1n\u00edm m\u00edst k sezen\u00ed a formou osv\u011btlen\u00ed.<br \/><span style=\"font-size: 14px; text-align: var(--text-align);\">Na plesech (a p\u0159\u00edp. dal\u0161\u00edch kulturn\u00edch akc\u00edch) se va\u0159\u00ed. J\u00eddlo si m\u016f\u017eete objednat v prostor\u00e1ch restaurace.<\/span><\/p><p>Za\u0159izujeme i cateringov\u00e9 slu\u017eby.<\/p><\/div><div class=\"text\"><ul><li>Kapacita \u2013 500 m\u00edst, z toho 400 k sezen\u00ed<\/li><li>Tane\u010dn\u00ed parket (20\u00d710 metr\u016f)<\/li><li>P\u0159\u00edzem\u00ed a balkon<\/li><li>P\u00f3dium s oponou<\/li><li>2 \u0161atny pro \u00fa\u010dinkuj\u00edc\u00ed<\/li><li>Celkem 4 bar\u016f<\/li><li>\u0160atna pro n\u00e1v\u0161t\u011bvn\u00edky<\/li><li>Zvukov\u00e1 a sv\u011bteln\u00e1 aparatura<\/li><li>2 prom\u00edtac\u00ed plochy<\/li><\/ul><\/div>\t\t\t\t\t\t\t\t<\/div>\n\t\t\t\t<\/div>\n\t\t\t\t<\/div>\n\t\t<div class=\"elementor-element elementor-element-c9fb690 e-con-full e-flex e-con e-child\" data-id=\"c9fb690\" data-element_type=\"container\">\n\t\t\t\t<div class=\"elementor-element elementor-element-53c0cc5 elementor-widget elementor-widget-image\" data-id=\"53c0cc5\" data-element_type=\"widget\" data-widget_type=\"image.default\">\n\t\t\t\t<div class=\"elementor-widget-container\">\n\t\t\t\t\t\t\t\t\t\t\t\t\t\t\t<img decoding=\"async\" width=\"1024\" height=\"684\" src=\"https:\/\/lidovka.tokrproduction.com\/wp-content\/uploads\/2025\/02\/2025-OKTAVA8-1024x684.jpg\" class=\"attachment-large size-large wp-image-102\" alt=\"\" srcset=\"https:\/\/lidovka.tokrproduction.com\/wp-content\/uploads\/2025\/02\/2025-OKTAVA8-1024x684.jpg 1024w, https:\/\/lidovka.tokrproduction.com\/wp-content\/uploads\/2025\/02\/2025-OKTAVA8-300x200.jpg 300w, https:\/\/lidovka.tokrproduction.com\/wp-content\/uploads\/2025\/02\/2025-OKTAVA8-768x513.jpg 768w, https:\/\/lidovka.tokrproduction.com\/wp-content\/uploads\/2025\/02\/2025-OKTAVA8-1536x1025.jpg 1536w, https:\/\/lidovka.tokrproduction.com\/wp-content\/uploads\/2025\/02\/2025-OKTAVA8-2048x1367.jpg 2048w\" sizes=\"(max-width: 1024px) 100vw, 1024px\" \/>\t\t\t\t\t\t\t\t\t\t\t\t\t\t\t<\/div>\n\t\t\t\t<\/div>\n\t\t\t\t<\/div>\n\t\t\t\t\t<\/div>\n\t\t\t\t<\/div>\n\t\t<div class=\"elementor-element elementor-element-5bc3358 e-flex e-con-boxed e-con e-parent\" data-id=\"5bc3358\" data-element_type=\"container\" data-settings=\"{&quot;background_background&quot;:&quot;classic&quot;}\">\n\t\t\t\t\t<div class=\"e-con-inner\">\n\t\t<div class=\"elementor-element elementor-element-6127da3 e-con-full e-flex e-con e-child\" data-id=\"6127da3\" data-element_type=\"container\">\n\t\t\t\t<div class=\"elementor-element elementor-element-7d04aac elementor-widget elementor-widget-image\" data-id=\"7d04aac\" data-element_type=\"widget\" data-widget_type=\"image.default\">\n\t\t\t\t<div class=\"elementor-widget-container\">\n\t\t\t\t\t\t\t\t\t\t\t\t\t\t\t<img decoding=\"async\" width=\"1024\" height=\"1024\" src=\"https:\/\/lidovka.tokrproduction.com\/wp-content\/uploads\/2025\/02\/piktogram-1024x1024.png\" class=\"attachment-large size-large wp-image-72\" alt=\"\" srcset=\"https:\/\/lidovka.tokrproduction.com\/wp-content\/uploads\/2025\/02\/piktogram-1024x1024.png 1024w, https:\/\/lidovka.tokrproduction.com\/wp-content\/uploads\/2025\/02\/piktogram-300x300.png 300w, https:\/\/lidovka.tokrproduction.com\/wp-content\/uploads\/2025\/02\/piktogram-150x150.png 150w, https:\/\/lidovka.tokrproduction.com\/wp-content\/uploads\/2025\/02\/piktogram-768x768.png 768w, https:\/\/lidovka.tokrproduction.com\/wp-content\/uploads\/2025\/02\/piktogram-1536x1536.png 1536w, https:\/\/lidovka.tokrproduction.com\/wp-content\/uploads\/2025\/02\/piktogram-600x600.png 600w, https:\/\/lidovka.tokrproduction.com\/wp-content\/uploads\/2025\/02\/piktogram.png 2000w\" sizes=\"(max-width: 1024px) 100vw, 1024px\" \/>\t\t\t\t\t\t\t\t\t\t\t\t\t\t\t<\/div>\n\t\t\t\t<\/div>\n\t\t\t\t<\/div>\n\t\t<div class=\"elementor-element elementor-element-bb8d0fe e-con-full e-flex e-con e-child\" data-id=\"bb8d0fe\" data-element_type=\"container\" data-settings=\"{&quot;background_background&quot;:&quot;classic&quot;}\">\n\t\t\t\t<div class=\"elementor-element elementor-element-aa88d26 elementor-widget elementor-widget-text-editor\" data-id=\"aa88d26\" data-element_type=\"widget\" data-widget_type=\"text-editor.default\">\n\t\t\t\t<div class=\"elementor-widget-container\">\n\t\t\t\t\t\t\t\t\t<div class=\"text\"><p><strong>Lidov\u00e1 zahrada s.r.o.<\/strong><br \/>Karlova 702<br \/>407 47 Varnsdorf<br \/>I\u010c: 25400223<br \/>DI\u010c: CZ25400223<\/p><p><b>Anton\u00edn Krej\u010d\u00ed<br \/><\/b>info@lidovazahrada.cz<br \/>+420 734 862 277<\/p><\/div><div class=\"text\"><p><strong>BAR \u2013 Informace a rezervace<br \/><\/strong>+420 725 763 353<\/p><\/div>\t\t\t\t\t\t\t\t<\/div>\n\t\t\t\t<\/div>\n\t\t\t\t<\/div>\n\t\t\t\t\t<\/div>\n\t\t\t\t<\/div>\n\t\t\t\t<\/div>\n\t\t","protected":false},"excerpt":{"rendered":"<p>T\u011b\u0161\u00edme se na V\u00e1s v na\u0161\u00ed restauraci nebo na akci v na\u0161em kulturn\u00edm s\u00e1le! D\u011bl\u00e1me v\u0161e pro va\u0161i spokojenost! Na Lidov\u00e1 zahrada provozujeme nejen multifunk\u010dn\u00ed s\u00e1l, ale i skv\u011bl\u00fd BAR! Chceme v\u00e1m nab\u00eddnout jedine\u010dn\u00e9 prostory pro va\u0161e akce a postarat se o to, abyste si u n\u00e1s u\u017eili skv\u011bl\u00fd servis i atmosf\u00e9ru. P\u0159ij\u010fte se p\u0159esv\u011bd\u010dit [&hellip;]<\/p>\n","protected":false},"author":2,"featured_media":0,"parent":0,"menu_order":0,"comment_status":"closed","ping_status":"closed","template":"","meta":{"footnotes":""},"class_list":["post-45","page","type-page","status-publish","hentry","entry"],"_links":{"self":[{"href":"https:\/\/lidovka.tokrproduction.com\/index.php?rest_route=\/wp\/v2\/pages\/45","targetHints":{"allow":["GET"]}}],"collection":[{"href":"https:\/\/lidovka.tokrproduction.com\/index.php?rest_route=\/wp\/v2\/pages"}],"about":[{"href":"https:\/\/lidovka.tokrproduction.com\/index.php?rest_route=\/wp\/v2\/types\/page"}],"author":[{"embeddable":true,"href":"https:\/\/lidovka.tokrproduction.com\/index.php?rest_route=\/wp\/v2\/users\/2"}],"replies":[{"embeddable":true,"href":"https:\/\/lidovka.tokrproduction.com\/index.php?rest_route=%2Fwp%2Fv2%2Fcomments&post=45"}],"version-history":[{"count":37,"href":"https:\/\/lidovka.tokrproduction.com\/index.php?rest_route=\/wp\/v2\/pages\/45\/revisions"}],"predecessor-version":[{"id":138,"href":"https:\/\/lidovka.tokrproduction.com\/index.php?rest_route=\/wp\/v2\/pages\/45\/revisions\/138"}],"wp:attachment":[{"href":"https:\/\/lidovka.tokrproduction.com\/index.php?rest_route=%2Fwp%2Fv2%2Fmedia&parent=45"}],"curies":[{"name":"wp","href":"https:\/\/api.w.org\/{rel}","templated":true}]}}